{"id":389,"date":"2021-03-31T13:06:25","date_gmt":"2021-03-31T13:06:25","guid":{"rendered":"https:\/\/nightsecret.cyberx.rs\/?page_id=389"},"modified":"2023-08-14T11:31:36","modified_gmt":"2023-08-14T11:31:36","slug":"kontakt","status":"publish","type":"page","link":"https:\/\/www.lobbing.rs\/en\/kontakt\/","title":{"rendered":"Contact"},"content":{"rendered":"<div data-elementor-type=\"wp-page\" data-elementor-id=\"389\" class=\"elementor elementor-389\" data-elementor-post-type=\"page\"><section class=\"elementor-section elementor-top-section elementor-element elementor-element-c05c560 elementor-section-stretched elementor-section-height-min-height elementor-hidden-tablet elementor-hidden-phone elementor-section-boxed elementor-section-height-default elementor-section-items-middle\" data-id=\"c05c560\" data-element_type=\"section\" data-settings=\"{&quot;stretch_section&quot;:&quot;section-stretched&quot;,&quot;background_background&quot;:&quot;classic&quot;}\"><div class=\"elementor-background-overlay\"><\/div><div class=\"elementor-container elementor-column-gap-no\"><div class=\"elementor-column elementor-col-100 elementor-top-column elementor-element elementor-element-2a53a96\" data-id=\"2a53a96\" data-element_type=\"column\"><div class=\"elementor-widget-wrap elementor-element-populated\"><div class=\"elementor-element elementor-element-67c3692 elementor-widget elementor-widget-heading\" data-id=\"67c3692\" data-element_type=\"widget\" data-widget_type=\"heading.default\"><div class=\"elementor-widget-container\"><h2 class=\"elementor-heading-title elementor-size-default\">Contact<\/h2><\/div><\/div><div class=\"elementor-element elementor-element-66464ed elementor-widget elementor-widget-text-editor\" data-id=\"66464ed\" data-element_type=\"widget\" data-widget_type=\"text-editor.default\"><div class=\"elementor-widget-container\"><p>Za sva pitanja\u00a0 stojimo Vam na raspolaganju.<\/p><\/div><\/div><\/div><\/div><\/div><\/section><section class=\"elementor-section elementor-top-section elementor-element elementor-element-a944813 elementor-section-boxed elementor-section-height-default elementor-section-height-default\" data-id=\"a944813\" data-element_type=\"section\"><div class=\"elementor-container elementor-column-gap-default\"><div class=\"elementor-column elementor-col-100 elementor-top-column elementor-element elementor-element-0b9fbcd\" data-id=\"0b9fbcd\" data-element_type=\"column\"><div class=\"elementor-widget-wrap elementor-element-populated\"><div class=\"elementor-element elementor-element-4acfbd4 elementor-widget elementor-widget-spacer\" data-id=\"4acfbd4\" data-element_type=\"widget\" data-widget_type=\"spacer.default\"><div class=\"elementor-widget-container\"><div class=\"elementor-spacer\"><div class=\"elementor-spacer-inner\"><\/div><\/div><\/div><\/div><div class=\"elementor-element elementor-element-ccc01a7 elementor-widget elementor-widget-heading\" data-id=\"ccc01a7\" data-element_type=\"widget\" data-widget_type=\"heading.default\"><div class=\"elementor-widget-container\"><h2 class=\"elementor-heading-title elementor-size-default\">Kontaktirajte nas<\/h2><\/div><\/div><div class=\"elementor-element elementor-element-c4f46b4 elementor-button-align-stretch elementor-widget elementor-widget-form\" data-id=\"c4f46b4\" data-element_type=\"widget\" data-settings=\"{&quot;step_next_label&quot;:&quot;Slede\\u0107e&quot;,&quot;step_previous_label&quot;:&quot;Prethodno&quot;,&quot;step_type&quot;:&quot;number_text&quot;,&quot;step_icon_shape&quot;:&quot;circle&quot;}\" data-widget_type=\"form.default\"><div class=\"elementor-widget-container\"><form class=\"elementor-form\" method=\"post\" name=\"New Form\" action=\"\"><input type=\"hidden\" name=\"post_id\" value=\"389\"\/><input type=\"hidden\" name=\"form_id\" value=\"c4f46b4\"\/><input type=\"hidden\" name=\"referer_title\" value=\"Lobbing\"\/><div class=\"elementor-form-fields-wrapper elementor-labels-above\"><div class=\"elementor-field-type-text elementor-field-group elementor-column elementor-field-group-name elementor-col-50 elementor-field-required elementor-mark-required\"><label for=\"form-field-name\" class=\"elementor-field-label\"> Va\u0161e ime\t\t\t\t\t\t\t<\/label><input size=\"1\" type=\"text\" name=\"form_fields[name]\" id=\"form-field-name\" class=\"elementor-field elementor-size-sm elementor-field-textual\" placeholder=\"Va&scaron;e ime\" required=\"required\" aria-required=\"true\"><\/div><div class=\"elementor-field-type-email elementor-field-group elementor-column elementor-field-group-email elementor-col-50 elementor-field-required elementor-mark-required\"><label for=\"form-field-email\" class=\"elementor-field-label\"> Va\u0161 Email\t\t\t\t\t\t\t<\/label><input size=\"1\" type=\"email\" name=\"form_fields[email]\" id=\"form-field-email\" class=\"elementor-field elementor-size-sm elementor-field-textual\" placeholder=\"Va&scaron; Email\" required=\"required\" aria-required=\"true\"><\/div><div class=\"elementor-field-type-textarea elementor-field-group elementor-column elementor-field-group-message elementor-col-100 elementor-field-required elementor-mark-required\"><label for=\"form-field-message\" class=\"elementor-field-label\"> Va\u0161a poruka\t\t\t\t\t\t\t<\/label><textarea class=\"elementor-field-textual elementor-field elementor-size-sm\" name=\"form_fields[message]\" id=\"form-field-message\" rows=\"6\" placeholder=\"Va&scaron;a poruka\" required=\"required\" aria-required=\"true\"><\/textarea><\/div><div class=\"elementor-field-group elementor-column elementor-field-type-submit elementor-col-100 e-form__buttons\"><button type=\"submit\" class=\"elementor-button elementor-size-sm\"><span><span class=\"elementor-button-icon\"><\/span><span class=\"elementor-button-text\">PO\u0160ALJI<\/span><\/span><\/button><\/div><\/div><input type=\"hidden\" name=\"trp-form-language\" value=\"en\"\/><\/form><\/div><\/div><\/div><\/div><\/div><\/section><section class=\"elementor-section elementor-top-section elementor-element elementor-element-ed5d047 elementor-section-full_width elementor-section-stretched elementor-section-height-default elementor-section-height-default\" data-id=\"ed5d047\" data-element_type=\"section\" data-settings=\"{&quot;stretch_section&quot;:&quot;section-stretched&quot;}\"><div class=\"elementor-container elementor-column-gap-no\"><div class=\"elementor-column elementor-col-100 elementor-top-column elementor-element elementor-element-129576b\" data-id=\"129576b\" data-element_type=\"column\"><div class=\"elementor-widget-wrap elementor-element-populated\"><div class=\"elementor-element elementor-element-e59eded elementor-widget elementor-widget-google_maps\" data-id=\"e59eded\" data-element_type=\"widget\" data-widget_type=\"google_maps.default\"><div class=\"elementor-widget-container\"><div class=\"elementor-custom-embed\"><iframe loading=\"lazy\" src=\"https:\/\/maps.google.com\/maps?q=Avnoja%20bb%2C%20Metro%20zgrada%2C%2036300%20Novi%20Pazar&amp;t=m&amp;z=14&amp;output=embed&amp;iwloc=near\" title=\"Avnoja bb, Metro zgrada, 36300 Novi Pazar\" aria-label=\"Avnoja bb, Metro zgrada, 36300 Novi Pazar\"><\/iframe><\/div><\/div><\/div><div class=\"elementor-element elementor-element-b8b40e6 elementor-widget elementor-widget-spacer\" data-id=\"b8b40e6\" data-element_type=\"widget\" data-widget_type=\"spacer.default\"><div class=\"elementor-widget-container\"><div class=\"elementor-spacer\"><div class=\"elementor-spacer-inner\"><\/div><\/div><\/div><\/div><div class=\"elementor-element elementor-element-ac95390 elementor-widget elementor-widget-heading\" data-id=\"ac95390\" data-element_type=\"widget\" data-widget_type=\"heading.default\"><div class=\"elementor-widget-container\"><h2 class=\"elementor-heading-title elementor-size-default\">Gde se nalazimo?<\/h2><\/div><\/div><div class=\"elementor-element elementor-element-0a935af elementor-widget elementor-widget-text-editor\" data-id=\"0a935af\" data-element_type=\"widget\" data-widget_type=\"text-editor.default\"><div class=\"elementor-widget-container\"><p>Srbija<\/p><p>Avnoja bb, Fener zgrada, 36300 Novi Pazar<\/p><\/div><\/div><\/div><\/div><\/div><\/section><section class=\"elementor-section elementor-top-section elementor-element elementor-element-6c1738b elementor-section-full_width elementor-section-height-default elementor-section-height-default\" data-id=\"6c1738b\" data-element_type=\"section\" data-settings=\"{&quot;background_background&quot;:&quot;classic&quot;}\"><div class=\"elementor-container elementor-column-gap-default\"><div class=\"elementor-column elementor-col-100 elementor-top-column elementor-element elementor-element-ee6cf37\" data-id=\"ee6cf37\" data-element_type=\"column\"><div class=\"elementor-widget-wrap elementor-element-populated\"><div class=\"elementor-element elementor-element-a165513 elementor-widget elementor-widget-text-editor\" data-id=\"a165513\" data-element_type=\"widget\" data-widget_type=\"text-editor.default\"><div class=\"elementor-widget-container\"><div><div><strong><span style=\"color:#FFFFFF; var( --e-global-color-text );\">Direktor<\/span><\/strong><\/div><div><span style=\"color: #FFFFFF; var( --e-global-color-text );\">Aldin Ramovi\u0107<\/span><\/div><div>+381 66 6336 311<\/div><div><\/div><div>Menad\u017eer prodaje<\/strong><\/div><div>Merisa Mehmedovi\u0107 <span style=\"color:#FFFFFF; var( --e-global-color-text );\">+381637682614<\/span><\/div><\/div><\/div><\/div><\/div><\/div><\/div><\/section><\/div>","protected":false},"excerpt":{"rendered":"<p>KontaktZa sva pitanja\u00a0 stojimo Vam na raspolaganju.Kontaktirajte nas Gde se nalazimo?SrbijaAvnoja bb, Fener zgrada, 36300 Novi PazarDirektor Aldin Ramovi\u0107 +381 66 6336 311 Menad\u017eer prodaje Merisa Mehmedovi\u0107 +381637682614<\/p>","protected":false},"author":1,"featured_media":0,"parent":0,"menu_order":0,"comment_status":"closed","ping_status":"closed","template":"page-transparent-header.php","meta":{"footnotes":""},"class_list":["post-389","page","type-page","status-publish","hentry"],"yoast_head":"<!-- This site is optimized with the Yoast SEO Premium plugin v16.2 (Yoast SEO v20.13) - https:\/\/yoast.com\/wordpress\/plugins\/seo\/ -->\n<title>Kontakt | Lobbing<\/title>\n<meta name=\"robots\" content=\"index, follow, max-snippet:-1, max-image-preview:large, max-video-preview:-1\" \/>\n<link rel=\"canonical\" href=\"https:\/\/www.lobbing.rs\/en\/kontakt\/\" \/>\n<meta property=\"og:locale\" content=\"en_US\" \/>\n<meta property=\"og:type\" content=\"article\" \/>\n<meta property=\"og:title\" content=\"Kontakt | Lobbing\" \/>\n<meta property=\"og:description\" content=\"KontaktZa sva pitanja\u00a0 stojimo Vam na raspolaganju.Kontaktirajte nas Gde se nalazimo?SrbijaAvnoja bb, Fener zgrada, 36300 Novi PazarDirektor Aldin Ramovi\u0107 +381 66 6336 311 Menad\u017eer prodaje Merisa Mehmedovi\u0107 +381637682614\" \/>\n<meta property=\"og:url\" content=\"https:\/\/www.lobbing.rs\/en\/kontakt\/\" \/>\n<meta property=\"og:site_name\" content=\"Lobbing\" \/>\n<meta property=\"article:modified_time\" content=\"2023-08-14T11:31:36+00:00\" \/>\n<meta name=\"twitter:card\" content=\"summary_large_image\" \/>\n<meta name=\"twitter:label1\" content=\"Est. reading time\" \/>\n\t<meta name=\"twitter:data1\" content=\"1 minute\" \/>\n<script type=\"application\/ld+json\" class=\"yoast-schema-graph\">{\"@context\":\"https:\/\/schema.org\",\"@graph\":[{\"@type\":\"WebPage\",\"@id\":\"https:\/\/www.lobbing.rs\/kontakt\/\",\"url\":\"https:\/\/www.lobbing.rs\/kontakt\/\",\"name\":\"Kontakt | Lobbing\",\"isPartOf\":{\"@id\":\"https:\/\/www.lobbing.rs\/#website\"},\"datePublished\":\"2021-03-31T13:06:25+00:00\",\"dateModified\":\"2023-08-14T11:31:36+00:00\",\"breadcrumb\":{\"@id\":\"https:\/\/www.lobbing.rs\/kontakt\/#breadcrumb\"},\"inLanguage\":\"en-US\",\"potentialAction\":[{\"@type\":\"ReadAction\",\"target\":[\"https:\/\/www.lobbing.rs\/kontakt\/\"]}]},{\"@type\":\"BreadcrumbList\",\"@id\":\"https:\/\/www.lobbing.rs\/kontakt\/#breadcrumb\",\"itemListElement\":[{\"@type\":\"ListItem\",\"position\":1,\"name\":\"Po\u010detna\",\"item\":\"https:\/\/www.lobbing.rs\/\"},{\"@type\":\"ListItem\",\"position\":2,\"name\":\"Kontakt\"}]},{\"@type\":\"WebSite\",\"@id\":\"https:\/\/www.lobbing.rs\/#website\",\"url\":\"https:\/\/www.lobbing.rs\/\",\"name\":\"Lobbing\",\"description\":\"Lobbing\",\"publisher\":{\"@id\":\"https:\/\/www.lobbing.rs\/#organization\"},\"potentialAction\":[{\"@type\":\"SearchAction\",\"target\":{\"@type\":\"EntryPoint\",\"urlTemplate\":\"https:\/\/www.lobbing.rs\/?s={search_term_string}\"},\"query-input\":\"required name=search_term_string\"}],\"inLanguage\":\"en-US\"},{\"@type\":\"Organization\",\"@id\":\"https:\/\/www.lobbing.rs\/#organization\",\"name\":\"NightSecret\",\"url\":\"https:\/\/www.lobbing.rs\/\",\"logo\":{\"@type\":\"ImageObject\",\"inLanguage\":\"en-US\",\"@id\":\"https:\/\/www.lobbing.rs\/#\/schema\/logo\/image\/\",\"url\":\"https:\/\/nightsecret.net\/wp-content\/uploads\/2021\/04\/NightSecretlogoblack.png\",\"contentUrl\":\"https:\/\/nightsecret.net\/wp-content\/uploads\/2021\/04\/NightSecretlogoblack.png\",\"width\":132,\"height\":132,\"caption\":\"NightSecret\"},\"image\":{\"@id\":\"https:\/\/www.lobbing.rs\/#\/schema\/logo\/image\/\"}}]}<\/script>\n<!-- \/ Yoast SEO Premium plugin. -->","yoast_head_json":{"title":"Kontakt | Lobbing","robots":{"index":"index","follow":"follow","max-snippet":"max-snippet:-1","max-image-preview":"max-image-preview:large","max-video-preview":"max-video-preview:-1"},"canonical":"https:\/\/www.lobbing.rs\/en\/kontakt\/","og_locale":"en_US","og_type":"article","og_title":"Kontakt | Lobbing","og_description":"KontaktZa sva pitanja\u00a0 stojimo Vam na raspolaganju.Kontaktirajte nas Gde se nalazimo?SrbijaAvnoja bb, Fener zgrada, 36300 Novi PazarDirektor Aldin Ramovi\u0107 +381 66 6336 311 Menad\u017eer prodaje Merisa Mehmedovi\u0107 +381637682614","og_url":"https:\/\/www.lobbing.rs\/en\/kontakt\/","og_site_name":"Lobbing","article_modified_time":"2023-08-14T11:31:36+00:00","twitter_card":"summary_large_image","twitter_misc":{"Est. reading time":"1 minute"},"schema":{"@context":"https:\/\/schema.org","@graph":[{"@type":"WebPage","@id":"https:\/\/www.lobbing.rs\/kontakt\/","url":"https:\/\/www.lobbing.rs\/kontakt\/","name":"Kontakt | Lobbing","isPartOf":{"@id":"https:\/\/www.lobbing.rs\/#website"},"datePublished":"2021-03-31T13:06:25+00:00","dateModified":"2023-08-14T11:31:36+00:00","breadcrumb":{"@id":"https:\/\/www.lobbing.rs\/kontakt\/#breadcrumb"},"inLanguage":"en-US","potentialAction":[{"@type":"ReadAction","target":["https:\/\/www.lobbing.rs\/kontakt\/"]}]},{"@type":"BreadcrumbList","@id":"https:\/\/www.lobbing.rs\/kontakt\/#breadcrumb","itemListElement":[{"@type":"ListItem","position":1,"name":"Po\u010detna","item":"https:\/\/www.lobbing.rs\/"},{"@type":"ListItem","position":2,"name":"Kontakt"}]},{"@type":"WebSite","@id":"https:\/\/www.lobbing.rs\/#website","url":"https:\/\/www.lobbing.rs\/","name":"Lobbing","description":"Lobbing","publisher":{"@id":"https:\/\/www.lobbing.rs\/#organization"},"potentialAction":[{"@type":"SearchAction","target":{"@type":"EntryPoint","urlTemplate":"https:\/\/www.lobbing.rs\/?s={search_term_string}"},"query-input":"required name=search_term_string"}],"inLanguage":"en-US"},{"@type":"Organization","@id":"https:\/\/www.lobbing.rs\/#organization","name":"NightSecret","url":"https:\/\/www.lobbing.rs\/","logo":{"@type":"ImageObject","inLanguage":"en-US","@id":"https:\/\/www.lobbing.rs\/#\/schema\/logo\/image\/","url":"https:\/\/nightsecret.net\/wp-content\/uploads\/2021\/04\/NightSecretlogoblack.png","contentUrl":"https:\/\/nightsecret.net\/wp-content\/uploads\/2021\/04\/NightSecretlogoblack.png","width":132,"height":132,"caption":"NightSecret"},"image":{"@id":"https:\/\/www.lobbing.rs\/#\/schema\/logo\/image\/"}}]}},"_links":{"self":[{"href":"https:\/\/www.lobbing.rs\/en\/wp-json\/wp\/v2\/pages\/389","targetHints":{"allow":["GET"]}}],"collection":[{"href":"https:\/\/www.lobbing.rs\/en\/wp-json\/wp\/v2\/pages"}],"about":[{"href":"https:\/\/www.lobbing.rs\/en\/wp-json\/wp\/v2\/types\/page"}],"author":[{"embeddable":true,"href":"https:\/\/www.lobbing.rs\/en\/wp-json\/wp\/v2\/users\/1"}],"replies":[{"embeddable":true,"href":"https:\/\/www.lobbing.rs\/en\/wp-json\/wp\/v2\/comments?post=389"}],"version-history":[{"count":185,"href":"https:\/\/www.lobbing.rs\/en\/wp-json\/wp\/v2\/pages\/389\/revisions"}],"predecessor-version":[{"id":6430,"href":"https:\/\/www.lobbing.rs\/en\/wp-json\/wp\/v2\/pages\/389\/revisions\/6430"}],"wp:attachment":[{"href":"https:\/\/www.lobbing.rs\/en\/wp-json\/wp\/v2\/media?parent=389"}],"curies":[{"name":"wp","href":"https:\/\/api.w.org\/{rel}","templated":true}]}}