{"id":37,"date":"2016-07-04T20:02:46","date_gmt":"2016-07-04T20:02:46","guid":{"rendered":"http:\/\/flatsome.dev\/?page_id=8194"},"modified":"2021-09-14T09:09:42","modified_gmt":"2021-09-14T09:09:42","slug":"gradjevina","status":"publish","type":"page","link":"https:\/\/www.lobbing.rs\/en\/gradjevina\/","title":{"rendered":"Gra\u0111evina"},"content":{"rendered":"<div data-elementor-type=\"wp-page\" data-elementor-id=\"37\" class=\"elementor elementor-37\" data-elementor-post-type=\"page\"><section class=\"elementor-section elementor-top-section elementor-element elementor-element-445c16cd elementor-section-boxed elementor-section-height-default elementor-section-height-default\" data-id=\"445c16cd\" data-element_type=\"section\"><div class=\"elementor-container elementor-column-gap-default\"><div class=\"elementor-column elementor-col-100 elementor-top-column elementor-element elementor-element-71c8f592\" data-id=\"71c8f592\" data-element_type=\"column\"><div class=\"elementor-widget-wrap\"><\/div><\/div><\/div><\/section><section class=\"elementor-section elementor-top-section elementor-element elementor-element-1ebd56e elementor-section-boxed elementor-section-height-default elementor-section-height-default\" data-id=\"1ebd56e\" data-element_type=\"section\"><div class=\"elementor-container elementor-column-gap-default\"><div class=\"elementor-column elementor-col-100 elementor-top-column elementor-element elementor-element-15d8a79\" data-id=\"15d8a79\" data-element_type=\"column\"><div class=\"elementor-widget-wrap\"><\/div><\/div><\/div><\/section><section class=\"elementor-section elementor-top-section elementor-element elementor-element-42a7817 elementor-section-boxed elementor-section-height-default elementor-section-height-default\" data-id=\"42a7817\" data-element_type=\"section\"><div class=\"elementor-container elementor-column-gap-default\"><div class=\"elementor-column elementor-col-100 elementor-top-column elementor-element elementor-element-7fa8b45\" data-id=\"7fa8b45\" data-element_type=\"column\"><div class=\"elementor-widget-wrap elementor-element-populated\"><div class=\"elementor-element elementor-element-972af7e elementor-widget elementor-widget-spacer\" data-id=\"972af7e\" data-element_type=\"widget\" data-widget_type=\"spacer.default\"><div class=\"elementor-widget-container\"><div class=\"elementor-spacer\"><div class=\"elementor-spacer-inner\"><\/div><\/div><\/div><\/div><div class=\"elementor-element elementor-element-f8a9bec elementor-widget elementor-widget-heading\" data-id=\"f8a9bec\" data-element_type=\"widget\" data-widget_type=\"heading.default\"><div class=\"elementor-widget-container\"><h1 class=\"elementor-heading-title elementor-size-default\">GRA\u0110EVINA<\/h1><\/div><\/div><\/div><\/div><\/div><\/section><section class=\"elementor-section elementor-top-section elementor-element elementor-element-22d30a7 elementor-section-boxed elementor-section-height-default elementor-section-height-default\" data-id=\"22d30a7\" data-element_type=\"section\"><div class=\"elementor-container elementor-column-gap-default\"><div class=\"elementor-column elementor-col-100 elementor-top-column elementor-element elementor-element-8f3b7be\" data-id=\"8f3b7be\" data-element_type=\"column\"><div class=\"elementor-widget-wrap elementor-element-populated\"><div class=\"elementor-element elementor-element-af5e436 elementor-widget elementor-widget-text-editor\" data-id=\"af5e436\" data-element_type=\"widget\" data-widget_type=\"text-editor.default\"><div class=\"elementor-widget-container\"> Lobbing sa svojim partnerima u gra\u0111evinskom sektoru nudi svu potrebnu podr\u0161ku u vidu ljudstva i mehanizacije za izgradnju gra\u0111evinskih objekata svih vrsta. Preko na\u0161e firme mo\u017eete sigurno da gradite uz sve potrebne garancije, po\u0161tovanje rokova, kvaliteta materijala i izgradnje.\t\t\t\t\t\t<\/div><\/div><div class=\"elementor-element elementor-element-41554d4 elementor-widget elementor-widget-spacer\" data-id=\"41554d4\" data-element_type=\"widget\" data-widget_type=\"spacer.default\"><div class=\"elementor-widget-container\"><div class=\"elementor-spacer\"><div class=\"elementor-spacer-inner\"><\/div><\/div><\/div><\/div><\/div><\/div><\/div><\/section><section class=\"elementor-section elementor-top-section elementor-element elementor-element-9da3c7f elementor-section-boxed elementor-section-height-default elementor-section-height-default\" data-id=\"9da3c7f\" data-element_type=\"section\"><div class=\"elementor-container elementor-column-gap-default\"><div class=\"elementor-column elementor-col-100 elementor-top-column elementor-element elementor-element-6e1f086\" data-id=\"6e1f086\" data-element_type=\"column\"><div class=\"elementor-widget-wrap elementor-element-populated\"><div class=\"elementor-element elementor-element-b5ba848 elementor-widget elementor-widget-image\" data-id=\"b5ba848\" data-element_type=\"widget\" data-widget_type=\"image.default\"><div class=\"elementor-widget-container\"><img loading=\"lazy\" decoding=\"async\" width=\"533\" height=\"400\" src=\"https:\/\/www.lobbing.rs\/wp-content\/uploads\/2021\/08\/gradjevina-533x400.jpg\" class=\"attachment-medium size-medium wp-image-5937\" alt=\"\" srcset=\"https:\/\/www.lobbing.rs\/wp-content\/uploads\/2021\/08\/gradjevina-533x400.jpg 533w, https:\/\/www.lobbing.rs\/wp-content\/uploads\/2021\/08\/gradjevina-1067x800.jpg 1067w, https:\/\/www.lobbing.rs\/wp-content\/uploads\/2021\/08\/gradjevina-768x576.jpg 768w, https:\/\/www.lobbing.rs\/wp-content\/uploads\/2021\/08\/gradjevina-16x12.jpg 16w, https:\/\/www.lobbing.rs\/wp-content\/uploads\/2021\/08\/gradjevina-600x450.jpg 600w, https:\/\/www.lobbing.rs\/wp-content\/uploads\/2021\/08\/gradjevina.jpg 1200w\" sizes=\"auto, (max-width: 533px) 100vw, 533px\"\/><\/div><\/div><\/div><\/div><\/div><\/section><\/div>","protected":false},"excerpt":{"rendered":"<p>GRA\u0110EVINA Lobbing sa svojim partnerima u gra\u0111evinskom sektoru nudi svu potrebnu podr\u0161ku u vidu ljudstva i mehanizacije za izgradnju gra\u0111evinskih objekata svih vrsta. Preko na\u0161e firme mo\u017eete sigurno da gradite uz sve potrebne garancije, po\u0161tovanje rokova, kvaliteta materijala i izgradnje.<\/p>","protected":false},"author":1,"featured_media":18,"parent":0,"menu_order":2,"comment_status":"closed","ping_status":"closed","template":"page-transparent-header-light.php","meta":{"footnotes":""},"class_list":["post-37","page","type-page","status-publish","has-post-thumbnail","hentry"],"yoast_head":"<!-- This site is optimized with the Yoast SEO Premium plugin v16.2 (Yoast SEO v20.13) - https:\/\/yoast.com\/wordpress\/plugins\/seo\/ -->\n<title>Gra\u0111evina | Lobbing<\/title>\n<meta name=\"robots\" content=\"index, follow, max-snippet:-1, max-image-preview:large, max-video-preview:-1\" \/>\n<link rel=\"canonical\" href=\"https:\/\/www.lobbing.rs\/en\/gradjevina\/\" \/>\n<meta property=\"og:locale\" content=\"en_US\" \/>\n<meta property=\"og:type\" content=\"article\" \/>\n<meta property=\"og:title\" content=\"Gra\u0111evina | Lobbing\" \/>\n<meta property=\"og:description\" content=\"GRA\u0110EVINA Lobbing sa svojim partnerima u gra\u0111evinskom sektoru nudi svu potrebnu podr\u0161ku u vidu ljudstva i mehanizacije za izgradnju gra\u0111evinskih objekata svih vrsta. Preko na\u0161e firme mo\u017eete sigurno da gradite uz sve potrebne garancije, po\u0161tovanje rokova, kvaliteta materijala i izgradnje.\" \/>\n<meta property=\"og:url\" content=\"https:\/\/www.lobbing.rs\/en\/gradjevina\/\" \/>\n<meta property=\"og:site_name\" content=\"Lobbing\" \/>\n<meta property=\"article:modified_time\" content=\"2021-09-14T09:09:42+00:00\" \/>\n<meta property=\"og:image\" content=\"https:\/\/www.lobbing.rs\/wp-content\/uploads\/2016\/08\/dummy-1.jpg\" \/>\n\t<meta property=\"og:image:width\" content=\"400\" \/>\n\t<meta property=\"og:image:height\" content=\"260\" \/>\n\t<meta property=\"og:image:type\" content=\"image\/jpeg\" \/>\n<meta name=\"twitter:card\" content=\"summary_large_image\" \/>\n<meta name=\"twitter:label1\" content=\"Est. reading time\" \/>\n\t<meta name=\"twitter:data1\" content=\"1 minute\" \/>\n<script type=\"application\/ld+json\" class=\"yoast-schema-graph\">{\"@context\":\"https:\/\/schema.org\",\"@graph\":[{\"@type\":\"WebPage\",\"@id\":\"https:\/\/www.lobbing.rs\/gradjevina\/\",\"url\":\"https:\/\/www.lobbing.rs\/gradjevina\/\",\"name\":\"Gra\u0111evina | Lobbing\",\"isPartOf\":{\"@id\":\"https:\/\/www.lobbing.rs\/#website\"},\"datePublished\":\"2016-07-04T20:02:46+00:00\",\"dateModified\":\"2021-09-14T09:09:42+00:00\",\"breadcrumb\":{\"@id\":\"https:\/\/www.lobbing.rs\/gradjevina\/#breadcrumb\"},\"inLanguage\":\"en-US\",\"potentialAction\":[{\"@type\":\"ReadAction\",\"target\":[\"https:\/\/www.lobbing.rs\/gradjevina\/\"]}]},{\"@type\":\"BreadcrumbList\",\"@id\":\"https:\/\/www.lobbing.rs\/gradjevina\/#breadcrumb\",\"itemListElement\":[{\"@type\":\"ListItem\",\"position\":1,\"name\":\"Po\u010detna\",\"item\":\"https:\/\/www.lobbing.rs\/\"},{\"@type\":\"ListItem\",\"position\":2,\"name\":\"Gra\u0111evina\"}]},{\"@type\":\"WebSite\",\"@id\":\"https:\/\/www.lobbing.rs\/#website\",\"url\":\"https:\/\/www.lobbing.rs\/\",\"name\":\"Lobbing\",\"description\":\"Lobbing\",\"publisher\":{\"@id\":\"https:\/\/www.lobbing.rs\/#organization\"},\"potentialAction\":[{\"@type\":\"SearchAction\",\"target\":{\"@type\":\"EntryPoint\",\"urlTemplate\":\"https:\/\/www.lobbing.rs\/?s={search_term_string}\"},\"query-input\":\"required name=search_term_string\"}],\"inLanguage\":\"en-US\"},{\"@type\":\"Organization\",\"@id\":\"https:\/\/www.lobbing.rs\/#organization\",\"name\":\"NightSecret\",\"url\":\"https:\/\/www.lobbing.rs\/\",\"logo\":{\"@type\":\"ImageObject\",\"inLanguage\":\"en-US\",\"@id\":\"https:\/\/www.lobbing.rs\/#\/schema\/logo\/image\/\",\"url\":\"https:\/\/nightsecret.net\/wp-content\/uploads\/2021\/04\/NightSecretlogoblack.png\",\"contentUrl\":\"https:\/\/nightsecret.net\/wp-content\/uploads\/2021\/04\/NightSecretlogoblack.png\",\"width\":132,\"height\":132,\"caption\":\"NightSecret\"},\"image\":{\"@id\":\"https:\/\/www.lobbing.rs\/#\/schema\/logo\/image\/\"}}]}<\/script>\n<!-- \/ Yoast SEO Premium plugin. -->","yoast_head_json":{"title":"Gra\u0111evina | Lobbing","robots":{"index":"index","follow":"follow","max-snippet":"max-snippet:-1","max-image-preview":"max-image-preview:large","max-video-preview":"max-video-preview:-1"},"canonical":"https:\/\/www.lobbing.rs\/en\/gradjevina\/","og_locale":"en_US","og_type":"article","og_title":"Gra\u0111evina | Lobbing","og_description":"GRA\u0110EVINA Lobbing sa svojim partnerima u gra\u0111evinskom sektoru nudi svu potrebnu podr\u0161ku u vidu ljudstva i mehanizacije za izgradnju gra\u0111evinskih objekata svih vrsta. Preko na\u0161e firme mo\u017eete sigurno da gradite uz sve potrebne garancije, po\u0161tovanje rokova, kvaliteta materijala i izgradnje.","og_url":"https:\/\/www.lobbing.rs\/en\/gradjevina\/","og_site_name":"Lobbing","article_modified_time":"2021-09-14T09:09:42+00:00","og_image":[{"width":400,"height":260,"url":"https:\/\/www.lobbing.rs\/wp-content\/uploads\/2016\/08\/dummy-1.jpg","type":"image\/jpeg"}],"twitter_card":"summary_large_image","twitter_misc":{"Est. reading time":"1 minute"},"schema":{"@context":"https:\/\/schema.org","@graph":[{"@type":"WebPage","@id":"https:\/\/www.lobbing.rs\/gradjevina\/","url":"https:\/\/www.lobbing.rs\/gradjevina\/","name":"Gra\u0111evina | Lobbing","isPartOf":{"@id":"https:\/\/www.lobbing.rs\/#website"},"datePublished":"2016-07-04T20:02:46+00:00","dateModified":"2021-09-14T09:09:42+00:00","breadcrumb":{"@id":"https:\/\/www.lobbing.rs\/gradjevina\/#breadcrumb"},"inLanguage":"en-US","potentialAction":[{"@type":"ReadAction","target":["https:\/\/www.lobbing.rs\/gradjevina\/"]}]},{"@type":"BreadcrumbList","@id":"https:\/\/www.lobbing.rs\/gradjevina\/#breadcrumb","itemListElement":[{"@type":"ListItem","position":1,"name":"Po\u010detna","item":"https:\/\/www.lobbing.rs\/"},{"@type":"ListItem","position":2,"name":"Gra\u0111evina"}]},{"@type":"WebSite","@id":"https:\/\/www.lobbing.rs\/#website","url":"https:\/\/www.lobbing.rs\/","name":"Lobbing","description":"Lobbing","publisher":{"@id":"https:\/\/www.lobbing.rs\/#organization"},"potentialAction":[{"@type":"SearchAction","target":{"@type":"EntryPoint","urlTemplate":"https:\/\/www.lobbing.rs\/?s={search_term_string}"},"query-input":"required name=search_term_string"}],"inLanguage":"en-US"},{"@type":"Organization","@id":"https:\/\/www.lobbing.rs\/#organization","name":"NightSecret","url":"https:\/\/www.lobbing.rs\/","logo":{"@type":"ImageObject","inLanguage":"en-US","@id":"https:\/\/www.lobbing.rs\/#\/schema\/logo\/image\/","url":"https:\/\/nightsecret.net\/wp-content\/uploads\/2021\/04\/NightSecretlogoblack.png","contentUrl":"https:\/\/nightsecret.net\/wp-content\/uploads\/2021\/04\/NightSecretlogoblack.png","width":132,"height":132,"caption":"NightSecret"},"image":{"@id":"https:\/\/www.lobbing.rs\/#\/schema\/logo\/image\/"}}]}},"_links":{"self":[{"href":"https:\/\/www.lobbing.rs\/en\/wp-json\/wp\/v2\/pages\/37","targetHints":{"allow":["GET"]}}],"collection":[{"href":"https:\/\/www.lobbing.rs\/en\/wp-json\/wp\/v2\/pages"}],"about":[{"href":"https:\/\/www.lobbing.rs\/en\/wp-json\/wp\/v2\/types\/page"}],"author":[{"embeddable":true,"href":"https:\/\/www.lobbing.rs\/en\/wp-json\/wp\/v2\/users\/1"}],"replies":[{"embeddable":true,"href":"https:\/\/www.lobbing.rs\/en\/wp-json\/wp\/v2\/comments?post=37"}],"version-history":[{"count":92,"href":"https:\/\/www.lobbing.rs\/en\/wp-json\/wp\/v2\/pages\/37\/revisions"}],"predecessor-version":[{"id":6385,"href":"https:\/\/www.lobbing.rs\/en\/wp-json\/wp\/v2\/pages\/37\/revisions\/6385"}],"wp:featuredmedia":[{"embeddable":true,"href":"https:\/\/www.lobbing.rs\/en\/wp-json\/wp\/v2\/media\/18"}],"wp:attachment":[{"href":"https:\/\/www.lobbing.rs\/en\/wp-json\/wp\/v2\/media?parent=37"}],"curies":[{"name":"wp","href":"https:\/\/api.w.org\/{rel}","templated":true}]}}